{"id":94,"date":"2023-08-07T08:37:27","date_gmt":"2023-08-07T11:37:27","guid":{"rendered":"https:\/\/facep.ufc.br\/?page_id=94"},"modified":"2023-08-07T08:40:45","modified_gmt":"2023-08-07T11:40:45","slug":"presidencia","status":"publish","type":"page","link":"https:\/\/facep.ufc.br\/?page_id=94","title":{"rendered":"PRESID\u00caNCIA"},"content":{"rendered":"\n<p align=\"center\"><img decoding=\"async\" src=\"https:\/\/www.ufc-concursos.com.br\/facep\/left.gif\" alt=\"\"\/><img decoding=\"async\" src=\"https:\/\/www.ufc-concursos.com.br\/facep\/right.gif\" alt=\"\"\/><\/p>\n\n\n\n<p>A Presid\u00eancia da&nbsp;<strong>FACEP<\/strong>&nbsp;\u00e9 o \u00f3rg\u00e3o executivo e administrativo,&nbsp;composto por um presidente e um vice-presidente.&nbsp;\u200b<\/p>\n\n\n\n<p>Presidente:\u00a0<strong><a href=\"http:\/\/buscatextual.cnpq.br\/buscatextual\/visualizacv.do?id=K4296247H7&amp;tokenCaptchar=03ADUVZwBD7_GtbDts_EJZiuPvO5xa9G7EPo4DIr625FcoNnWmjmFSfquc2c6EOCQje6r4uthoUYbenFnHl12XKe8Ejim4c5QuLI-wPF85avA_w6TOmqFi-VNDowhtNP0bnhaHdBcrwLaguuIe5Hu8M0LeIJRjA_Dp0jeTARd0MBSuTYSOOIHnQbBzDaZTDyPSYiN2_IOEzUyJTXrssHI_Ac9xARNrxmmM3FXLEbyXEYB89Bt5XJ_47N8jAma-dxsVE7xxKvpwQ-mx58O8i1anF0o30VPspntBHMyU6Ldk5kUSlq3ftUB0P_8-9jInqzAWE42-qYhrGwiammK_EWpmAfCS-a35hCGSZMW2dnpYdHIga4JPUjMMhK8538B3WRvcWdYQq9WI_IoUUXpPlMeFTEyhN1AKbVwGlXQ99XOh2pCXp4oALwqvm8-vj14mG86GljAZt5XIkuB7dZ48z1MifcnXtWkujYW0v_kczrcTYkOJkqLkBuTckrpfjpoEfvwty-2ujtmqA4JOJWmDzCx4FhLWHWwTvfFGWpmdeDnTGGnFm-2mi41VgQo\" data-type=\"URL\" data-id=\"http:\/\/buscatextual.cnpq.br\/buscatextual\/visualizacv.do?id=K4296247H7&amp;tokenCaptchar=03ADUVZwBD7_GtbDts_EJZiuPvO5xa9G7EPo4DIr625FcoNnWmjmFSfquc2c6EOCQje6r4uthoUYbenFnHl12XKe8Ejim4c5QuLI-wPF85avA_w6TOmqFi-VNDowhtNP0bnhaHdBcrwLaguuIe5Hu8M0LeIJRjA_Dp0jeTARd0MBSuTYSOOIHnQbBzDaZTDyPSYiN2_IOEzUyJTXrssHI_Ac9xARNrxmmM3FXLEbyXEYB89Bt5XJ_47N8jAma-dxsVE7xxKvpwQ-mx58O8i1anF0o30VPspntBHMyU6Ldk5kUSlq3ftUB0P_8-9jInqzAWE42-qYhrGwiammK_EWpmAfCS-a35hCGSZMW2dnpYdHIga4JPUjMMhK8538B3WRvcWdYQq9WI_IoUUXpPlMeFTEyhN1AKbVwGlXQ99XOh2pCXp4oALwqvm8-vj14mG86GljAZt5XIkuB7dZ48z1MifcnXtWkujYW0v_kczrcTYkOJkqLkBuTckrpfjpoEfvwty-2ujtmqA4JOJWmDzCx4FhLWHWwTvfFGWpmdeDnTGGnFm-2mi41VgQo\" target=\"_blank\" rel=\"noreferrer noopener\">Prof. Sergio Vitorino Bezerra Nogueira<\/a>\u00a0<\/strong>\u200b<\/p>\n\n\n\n<p>Vice-Presidente:\u00a0<a href=\"http:\/\/buscatextual.cnpq.br\/buscatextual\/visualizacv.do?id=K4704787U4&amp;tokenCaptchar=03ADUVZwD4unF1-go0C83A-6ec9z8r9Z02lxh5fyUY9ig5Sp6ClWWzZPmd9Z0cT8VFw0hta7MvvyoNr7b01FZ8yCCMP98dywYwBrrmG1OcQBwpbHq7JmCtZf6aK8qGROfxfzVZ-Ptx1dkdQkwsybbwpM10cSque0sNAhh0bKNr7enHz5gwmDmANTQVTJYvkT07K4WD92ypzw3qtbzuI4lrL-aPv1zwFuPD5U4iLxYtnWNvc7fyzfmHDMWPymONoTXLoVtBW2CpkP_FjgXKfdPOcFzHax4BMfEi8Ft0nTGJim6bZEebuE4rmcwjGDm4sWYvs0jnIaYUtea_F1GxsGPFqV3pfTMBSiT0EHIZUItiq2TOxKSqE43DZhddcIDiRWNOauRiSgs3Vp7dPqHGQglZf4n-fMG6MfctYRZtQvR-2uUE4IGV97S5tB9Kigen3N1htlVYb4_0Q-vCAT9aQUb-M2Nrifk8XAL1PdkADgcbP1E3SjixDOzsn2qHIJdCK3q57uZ7ffIQPlIzFdDm9Bblb5V4BcDnSyRUQxJamx87c0v15imkfBTfnF8\" data-type=\"URL\" data-id=\"http:\/\/buscatextual.cnpq.br\/buscatextual\/visualizacv.do?id=K4704787U4&amp;tokenCaptchar=03ADUVZwD4unF1-go0C83A-6ec9z8r9Z02lxh5fyUY9ig5Sp6ClWWzZPmd9Z0cT8VFw0hta7MvvyoNr7b01FZ8yCCMP98dywYwBrrmG1OcQBwpbHq7JmCtZf6aK8qGROfxfzVZ-Ptx1dkdQkwsybbwpM10cSque0sNAhh0bKNr7enHz5gwmDmANTQVTJYvkT07K4WD92ypzw3qtbzuI4lrL-aPv1zwFuPD5U4iLxYtnWNvc7fyzfmHDMWPymONoTXLoVtBW2CpkP_FjgXKfdPOcFzHax4BMfEi8Ft0nTGJim6bZEebuE4rmcwjGDm4sWYvs0jnIaYUtea_F1GxsGPFqV3pfTMBSiT0EHIZUItiq2TOxKSqE43DZhddcIDiRWNOauRiSgs3Vp7dPqHGQglZf4n-fMG6MfctYRZtQvR-2uUE4IGV97S5tB9Kigen3N1htlVYb4_0Q-vCAT9aQUb-M2Nrifk8XAL1PdkADgcbP1E3SjixDOzsn2qHIJdCK3q57uZ7ffIQPlIzFdDm9Bblb5V4BcDnSyRUQxJamx87c0v15imkfBTfnF8\" target=\"_blank\" rel=\"noreferrer noopener\"><strong>Profa. Ruth Carvalho de Santana Pinho<\/strong>\u200b<\/a><\/p>\n","protected":false},"excerpt":{"rendered":"<p>A Presid\u00eancia da&nbsp;FACEP&nbsp;\u00e9 o \u00f3rg\u00e3o executivo e administrativo,&nbsp;composto por um presidente e um vice-presidente.&nbsp;\u200b Presidente:\u00a0Prof. Sergio Vitorino Bezerra Nogueira\u00a0\u200b Vice-Presidente:\u00a0Profa. Ruth Carvalho de Santana Pinho\u200b<span class=\"more-link\"><a href=\"https:\/\/facep.ufc.br\/?page_id=94\">Continue Reading<\/a><\/span><\/p>\n","protected":false},"author":1,"featured_media":0,"parent":0,"menu_order":0,"comment_status":"closed","ping_status":"closed","template":"","meta":{"footnotes":""},"class_list":["entry","author-admin","post-94","page","type-page","status-publish"],"_links":{"self":[{"href":"https:\/\/facep.ufc.br\/index.php?rest_route=\/wp\/v2\/pages\/94","targetHints":{"allow":["GET"]}}],"collection":[{"href":"https:\/\/facep.ufc.br\/index.php?rest_route=\/wp\/v2\/pages"}],"about":[{"href":"https:\/\/facep.ufc.br\/index.php?rest_route=\/wp\/v2\/types\/page"}],"author":[{"embeddable":true,"href":"https:\/\/facep.ufc.br\/index.php?rest_route=\/wp\/v2\/users\/1"}],"replies":[{"embeddable":true,"href":"https:\/\/facep.ufc.br\/index.php?rest_route=%2Fwp%2Fv2%2Fcomments&post=94"}],"version-history":[{"count":4,"href":"https:\/\/facep.ufc.br\/index.php?rest_route=\/wp\/v2\/pages\/94\/revisions"}],"predecessor-version":[{"id":98,"href":"https:\/\/facep.ufc.br\/index.php?rest_route=\/wp\/v2\/pages\/94\/revisions\/98"}],"wp:attachment":[{"href":"https:\/\/facep.ufc.br\/index.php?rest_route=%2Fwp%2Fv2%2Fmedia&parent=94"}],"curies":[{"name":"wp","href":"https:\/\/api.w.org\/{rel}","templated":true}]}}