{"id":92,"date":"2023-08-07T08:36:14","date_gmt":"2023-08-07T11:36:14","guid":{"rendered":"https:\/\/facep.ufc.br\/?page_id=92"},"modified":"2023-08-07T09:02:08","modified_gmt":"2023-08-07T12:02:08","slug":"conselho-fiscal","status":"publish","type":"page","link":"https:\/\/facep.ufc.br\/?page_id=92","title":{"rendered":"CONSELHO\u00a0FISCAL"},"content":{"rendered":"\n<p align=\"center\"><img decoding=\"async\" src=\"https:\/\/www.ufc-concursos.com.br\/facep\/left.gif\" alt=\"\"\/><img decoding=\"async\" src=\"https:\/\/www.ufc-concursos.com.br\/facep\/right.gif\" alt=\"\"\/><\/p>\n\n\n\n<p>O Conselho Fiscal&nbsp;\u00e9&nbsp;o \u00f3rg\u00e3o fiscalizador da administra\u00e7\u00e3o cont\u00e1bil-financeira da&nbsp;FACEP, composto por 06 (seis) membros:\u200b<\/p>\n\n\n\n<ul class=\"wp-block-list\">\n<li>Membros Efetivos:\u200b<\/li>\n<\/ul>\n\n\n\n<p><strong>1. <a href=\"http:\/\/buscatextual.cnpq.br\/buscatextual\/visualizacv.do?id=K4756749D3&amp;tokenCaptchar=03ADUVZwCXOrIolKUs1y5AlDleq2KbljTMDMIE6YGg1wW2SDosVVcextomu8Z6_2ssRORtzx7Vlx5j04DdEkyJBFIiJhinBO02YmR2Eg6RTRksCckLr8k62QXXyDnO2ZNRMwCojaYqijgpTTtTgmDkFXCuocEDM6arLPgGK_t9S_dTPwyGrrIydEL29H4Ead7UuiTOJ8anhTNzXdYvYcazQVNzLRTLSr52C1vjY1QpT-KmnR6Xk70SQOr8kSx0qItWLH4ZGkHdUEPsNLfrMSjOa8sLMqIBxennaraFzhxPZRpJa05NI16YD7rSG_vgoDJQ1aPD23BCzIcaO-db7IbdpI_94EtQTG3Th7OebkyHEMnT3X3f0kTY1mjPJakm1SQBLkJvBt0HocwJWGz1GS7KAoCDp7YwPPFFCuQKeXbvLLrg2SteDpCn75tEio-cTVQWpjifjETGJ1oZb9MJqcEqSGyM8Y8N_qsnCs5qL8b1Ke1gAD87fWSKb0mcMIUe4Kns5T5hwAaENZAwjQBJeZ3f5ZZ9i6tyATyZc4vpd4zDBIvHIFAs91sUz5c\" data-type=\"URL\" data-id=\"http:\/\/buscatextual.cnpq.br\/buscatextual\/visualizacv.do?id=K4756749D3&amp;tokenCaptchar=03ADUVZwCXOrIolKUs1y5AlDleq2KbljTMDMIE6YGg1wW2SDosVVcextomu8Z6_2ssRORtzx7Vlx5j04DdEkyJBFIiJhinBO02YmR2Eg6RTRksCckLr8k62QXXyDnO2ZNRMwCojaYqijgpTTtTgmDkFXCuocEDM6arLPgGK_t9S_dTPwyGrrIydEL29H4Ead7UuiTOJ8anhTNzXdYvYcazQVNzLRTLSr52C1vjY1QpT-KmnR6Xk70SQOr8kSx0qItWLH4ZGkHdUEPsNLfrMSjOa8sLMqIBxennaraFzhxPZRpJa05NI16YD7rSG_vgoDJQ1aPD23BCzIcaO-db7IbdpI_94EtQTG3Th7OebkyHEMnT3X3f0kTY1mjPJakm1SQBLkJvBt0HocwJWGz1GS7KAoCDp7YwPPFFCuQKeXbvLLrg2SteDpCn75tEio-cTVQWpjifjETGJ1oZb9MJqcEqSGyM8Y8N_qsnCs5qL8b1Ke1gAD87fWSKb0mcMIUe4Kns5T5hwAaENZAwjQBJeZ3f5ZZ9i6tyATyZc4vpd4zDBIvHIFAs91sUz5c\" target=\"_blank\" rel=\"noreferrer noopener\">Prof. Eduardo Ara\u00fajo de Azevedo<\/a>\u00a0<\/strong>(Presidente)\u200b<\/p>\n\n\n\n<p><strong>2. <a rel=\"noreferrer noopener\" href=\"http:\/\/buscatextual.cnpq.br\/buscatextual\/visualizacv.do?id=K4973250A8&amp;tokenCaptchar=03ADUVZwAqNIu8l6w9MlqMKw4oifU1nRcq_VA6DZSVozKL7gNWNeYAGmXdnYLpJiP07Gpk2wKbuU35XhiwcMhPcet0OknPyBECTbeolCY2sKwLZs25IGND_4pTwRQKlAcGaQWBMeicTUYAn92DupGwX7P8n6t2_EFpPTxSLWRmhxStCxB3_I1FDLFxlq4_av1GJax8RcYJka3HqKlIBKBAZUa18zyhPjqGtTXPRug4mSFBhMn4WqKQqF0z9KTohDCdVIaHnSRnPy_DMa_7y_lrz7sBeWYBnKmyiKixbI9J2ZJDVxTePDpn_6RK6D4goSeZWmbqoKdIp7GWwVoD8_TnrncNLfoaCGymHDA6-NdqJ2ZAN7QdKXa8j7kUNbVCgNLMpDpJNeFodm8T6CSiMcT0JQfS0_fWXmUAk8RGm2jrqouzOhl_e0kgcg3Ql4Sis16YFQsbONC83enVsatFnopnVxiXhQ6n9BlpPQqQq-Og3dziqKtYOI_sHBX-EcMYSTWA-eqodnWK16tnxjQGSJ_dV53eD7rBGyjuvja67efnrT3-5CKXFYjGy9s\" data-type=\"URL\" data-id=\"http:\/\/buscatextual.cnpq.br\/buscatextual\/visualizacv.do?id=K4973250A8&amp;tokenCaptchar=03ADUVZwAqNIu8l6w9MlqMKw4oifU1nRcq_VA6DZSVozKL7gNWNeYAGmXdnYLpJiP07Gpk2wKbuU35XhiwcMhPcet0OknPyBECTbeolCY2sKwLZs25IGND_4pTwRQKlAcGaQWBMeicTUYAn92DupGwX7P8n6t2_EFpPTxSLWRmhxStCxB3_I1FDLFxlq4_av1GJax8RcYJka3HqKlIBKBAZUa18zyhPjqGtTXPRug4mSFBhMn4WqKQqF0z9KTohDCdVIaHnSRnPy_DMa_7y_lrz7sBeWYBnKmyiKixbI9J2ZJDVxTePDpn_6RK6D4goSeZWmbqoKdIp7GWwVoD8_TnrncNLfoaCGymHDA6-NdqJ2ZAN7QdKXa8j7kUNbVCgNLMpDpJNeFodm8T6CSiMcT0JQfS0_fWXmUAk8RGm2jrqouzOhl_e0kgcg3Ql4Sis16YFQsbONC83enVsatFnopnVxiXhQ6n9BlpPQqQq-Og3dziqKtYOI_sHBX-EcMYSTWA-eqodnWK16tnxjQGSJ_dV53eD7rBGyjuvja67efnrT3-5CKXFYjGy9s\" target=\"_blank\">L\u00edgia Carla de Lima Souza<\/a><\/strong> (Secret\u00e1ria)\u200b<\/p>\n\n\n\n<p><strong>3. <a href=\"http:\/\/buscatextual.cnpq.br\/buscatextual\/visualizacv.do?id=K4770780T4&amp;tokenCaptchar=03ADUVZwBM-gvIAOek5CzuxfXUNXrRCFpzj0dgBCwZQWkPsuK1As779vkcggHT3H8UFrR7Nm1hWSZ_ohhwktFzXsXd6qX8LXBeWsrCAxOn4pHx3DBjwJJ_gAuSlbb2ihcn1Lcg7MpEBznW5ZQZuZjzsqYHJXBQMLO1orLaKjOOEu6CUNR53K2eMyefApOCC9wGgRgn-IsD6odpgSeZw-y8h-UFEUoNg-AFIW6HVKcew-iKTqplsbYNZk1saX699oR4PZc9_9-y7eDAtZWDN1BNm22FuynkFQJr_KsVd_iVm6mz1KbjzJGn_wu1zUNDyXglVR9nEkt5t-2FiHigY6BiOEJj8gdNeYwuoULTgS3uqFSnx4paeeBrSRWOnk1HEokBiAcOtikNddnaHJ9aGEhxcXg1u7qAtTXBlVh4wAfbjlPsWWEWxjvFVskWP7I2fObXYvlGWdcPBTapsYSTLX4Ei24ivJfQazIO7eH1XCRSZQQbfrSafLPHLpCCH84rmcWnbecZyf1yUwqqWOJVLj5ndatieHmz7wcWqisnKSP5Rx94Oqdx3lczYbE\" data-type=\"URL\" data-id=\"http:\/\/buscatextual.cnpq.br\/buscatextual\/visualizacv.do?id=K4770780T4&amp;tokenCaptchar=03ADUVZwBM-gvIAOek5CzuxfXUNXrRCFpzj0dgBCwZQWkPsuK1As779vkcggHT3H8UFrR7Nm1hWSZ_ohhwktFzXsXd6qX8LXBeWsrCAxOn4pHx3DBjwJJ_gAuSlbb2ihcn1Lcg7MpEBznW5ZQZuZjzsqYHJXBQMLO1orLaKjOOEu6CUNR53K2eMyefApOCC9wGgRgn-IsD6odpgSeZw-y8h-UFEUoNg-AFIW6HVKcew-iKTqplsbYNZk1saX699oR4PZc9_9-y7eDAtZWDN1BNm22FuynkFQJr_KsVd_iVm6mz1KbjzJGn_wu1zUNDyXglVR9nEkt5t-2FiHigY6BiOEJj8gdNeYwuoULTgS3uqFSnx4paeeBrSRWOnk1HEokBiAcOtikNddnaHJ9aGEhxcXg1u7qAtTXBlVh4wAfbjlPsWWEWxjvFVskWP7I2fObXYvlGWdcPBTapsYSTLX4Ei24ivJfQazIO7eH1XCRSZQQbfrSafLPHLpCCH84rmcWnbecZyf1yUwqqWOJVLj5ndatieHmz7wcWqisnKSP5Rx94Oqdx3lczYbE\" target=\"_blank\" rel=\"noreferrer noopener\">Prof. Eduardo Santos Ellery<\/a>\u00a0<\/strong>(Membro Efetivo)\u200b<\/p>\n\n\n\n<p><\/p>\n\n\n\n<ul class=\"wp-block-list\">\n<li>Membros Suplentes:\u200b<\/li>\n<\/ul>\n\n\n\n<p><strong>1. <\/strong><a href=\"http:\/\/buscatextual.cnpq.br\/buscatextual\/visualizacv.do?id=K4782719A7&amp;tokenCaptchar=03ADUVZwDSRgWr0R9zqryRn1ROK75aQhaxhPU3awgD-UrIJ82PI2R9zXnnjQFaoIQMLkxIcPHY8VSczJJDuH17TpQEsEHulTmnT1NihnygDmRiYwR0mmZvvRrqpMelDEv65RdkIeOXJdp0r0pPeSyhyfU6rJSGM1fIrX6ZnO8v5aCh74p_Zu4LSuQd9Ayx7CtM4f5Y0GqtnNrgz_WNtzDBJgUX7z6gv71Q5CucUz2ErYfSK3r348_Mz2wt5xzUJrDRQHKWb_7hE8HihfQCiCWEXUxfYDTf5uX4_xmp3q6xm7B1w_eCdMuawImVri6Kf6E9VxHtjUW7Z9W2MqDTWrtE5UGUwqEY2mJBwynJ8TSRDyVQXepgNaveZUvB83QpM4O6YTMJckTpikDrCa1V96TmX295_DevXdc5HQErKKo7k0ekBd8Fxw5eGdd5SLM-dPyYs66sMEothT3eulzxftZA0-tNoWVs9gLbcxgr14AXWlJ7_bqfDtdzL0AJ5aTrjN-xWDvCpiLmVtl16HxEfBiCqrFwIw2ogJHkQFMpim4aGwRcmETHkSX_n8U\" data-type=\"URL\" data-id=\"http:\/\/buscatextual.cnpq.br\/buscatextual\/visualizacv.do?id=K4782719A7&amp;tokenCaptchar=03ADUVZwDSRgWr0R9zqryRn1ROK75aQhaxhPU3awgD-UrIJ82PI2R9zXnnjQFaoIQMLkxIcPHY8VSczJJDuH17TpQEsEHulTmnT1NihnygDmRiYwR0mmZvvRrqpMelDEv65RdkIeOXJdp0r0pPeSyhyfU6rJSGM1fIrX6ZnO8v5aCh74p_Zu4LSuQd9Ayx7CtM4f5Y0GqtnNrgz_WNtzDBJgUX7z6gv71Q5CucUz2ErYfSK3r348_Mz2wt5xzUJrDRQHKWb_7hE8HihfQCiCWEXUxfYDTf5uX4_xmp3q6xm7B1w_eCdMuawImVri6Kf6E9VxHtjUW7Z9W2MqDTWrtE5UGUwqEY2mJBwynJ8TSRDyVQXepgNaveZUvB83QpM4O6YTMJckTpikDrCa1V96TmX295_DevXdc5HQErKKo7k0ekBd8Fxw5eGdd5SLM-dPyYs66sMEothT3eulzxftZA0-tNoWVs9gLbcxgr14AXWlJ7_bqfDtdzL0AJ5aTrjN-xWDvCpiLmVtl16HxEfBiCqrFwIw2ogJHkQFMpim4aGwRcmETHkSX_n8U\" target=\"_blank\" rel=\"noreferrer noopener\"><strong>Prof. \u00c9rico Veras Marques<\/strong>\u200b<\/a><\/p>\n\n\n\n<p><strong>2. <a href=\"http:\/\/buscatextual.cnpq.br\/buscatextual\/visualizacv.do?id=K4244579H8&amp;tokenCaptchar=03ADUVZwDUmywMpRJsywWqKMkYRNBic3qPQSpDgMhxz8BBvfyUTtGrYCo5WdrWrOU2qjC0894bMews4zb1Ypd9GhHFIpg_KgQ0f4jxjHwASmKtJD6qj27O_v1USavYLbt2CLdzktxczUNaGDZl_A2yEitr3ggflX4ULhBm6t_BHJ1SIFnM-jprZEox-rvbqRUOZTXkHFDe4OwPxZdYUfnh-bTPrkuA0BI6vIRJ_tZH8Pg2Lm76XPYzlQuVCXJzfADNihikE43-vLwhwr_vYj_brimnFhILQLNv7aaXrwoQ3tY2eXRojQHzDV0NWi95NKy4PuKPi6DFZRQsv_HVyPB_g2KIGBTc7BXhy_aP2b4y6bdcBkRzQLuGftZEMQ5I9g0yjfn__OrR3qJ6iSYqnh-juSE-vn-KdUzfhfGdSF0AW-VBgYkbZcDH37oi0Ih4CsgVyysHOxjkxslxJxJPrbekSm45HmSVZA18ZRGFVU8CcS06CYi8zgfEZoB2G2DJ_bUS5gTxNzUV_9m9SoINP1O5I-yB5jqATXYS0VdkARUSR5VgniMZW8Q4Cvw\" data-type=\"URL\" data-id=\"http:\/\/buscatextual.cnpq.br\/buscatextual\/visualizacv.do?id=K4244579H8&amp;tokenCaptchar=03ADUVZwDUmywMpRJsywWqKMkYRNBic3qPQSpDgMhxz8BBvfyUTtGrYCo5WdrWrOU2qjC0894bMews4zb1Ypd9GhHFIpg_KgQ0f4jxjHwASmKtJD6qj27O_v1USavYLbt2CLdzktxczUNaGDZl_A2yEitr3ggflX4ULhBm6t_BHJ1SIFnM-jprZEox-rvbqRUOZTXkHFDe4OwPxZdYUfnh-bTPrkuA0BI6vIRJ_tZH8Pg2Lm76XPYzlQuVCXJzfADNihikE43-vLwhwr_vYj_brimnFhILQLNv7aaXrwoQ3tY2eXRojQHzDV0NWi95NKy4PuKPi6DFZRQsv_HVyPB_g2KIGBTc7BXhy_aP2b4y6bdcBkRzQLuGftZEMQ5I9g0yjfn__OrR3qJ6iSYqnh-juSE-vn-KdUzfhfGdSF0AW-VBgYkbZcDH37oi0Ih4CsgVyysHOxjkxslxJxJPrbekSm45HmSVZA18ZRGFVU8CcS06CYi8zgfEZoB2G2DJ_bUS5gTxNzUV_9m9SoINP1O5I-yB5jqATXYS0VdkARUSR5VgniMZW8Q4Cvw\" target=\"_blank\" rel=\"noreferrer noopener\">Profa. Nirleide Saraiva Coelho<\/a>\u00a0<\/strong>\u200b<\/p>\n\n\n\n<p><strong>3. <a href=\"http:\/\/buscatextual.cnpq.br\/buscatextual\/visualizacv.do?id=K4765481Y2&amp;tokenCaptchar=03ADUVZwBm-UfNAChGBbrLB7wfMWjZRDSVioStCOa1sMcS_-e2MLGx0-4lt5jb0zVmFCUHg4ZYR1nj5VPpPPW1C4pmM2atP0iwmo7k-9CMugZBzXwcHyBXOjL_z4c2hwJ1oCebsxharCH30-I2HzcLhDO3uMSg8bZdryw1GJ-sMl0DzHnoqPQqOnfvxO5gnDeGgEHiS_pyQKT6Ls_9PSiVxDY2XlH2tqkyAlcsTHReKh852IH4vwVM-iyMi5kU0hfe6JRGgPKeMJ0Ck5es5M9tOdsd-71cNbAB9QHomnAUiBEdNcrKTqLzIuovtPn3xUbThH-uaviJJJZdGfB3ujFUcrcXPmbEQuV60usZKuuhmeDLQzNQ5pTjWQFgwvigcpm1tDZ0n94Q86Gk62eruVIfIbQ_5cwsXtDcMdG4zGpjwWxX7MxU_rSn8rrGuXS6jI8d9xsgGaEUmvjR7dMSuKCU5JTugBcX8CyWIyGJy13y8kikKO9TiMHW1VHffwYmaKcZ2vetSlvT63-1UbUgSQ9FhHOl-TVezjYmjD0qdggvLNfQz3UC2NIsFHo\" data-type=\"URL\" data-id=\"http:\/\/buscatextual.cnpq.br\/buscatextual\/visualizacv.do?id=K4765481Y2&amp;tokenCaptchar=03ADUVZwBm-UfNAChGBbrLB7wfMWjZRDSVioStCOa1sMcS_-e2MLGx0-4lt5jb0zVmFCUHg4ZYR1nj5VPpPPW1C4pmM2atP0iwmo7k-9CMugZBzXwcHyBXOjL_z4c2hwJ1oCebsxharCH30-I2HzcLhDO3uMSg8bZdryw1GJ-sMl0DzHnoqPQqOnfvxO5gnDeGgEHiS_pyQKT6Ls_9PSiVxDY2XlH2tqkyAlcsTHReKh852IH4vwVM-iyMi5kU0hfe6JRGgPKeMJ0Ck5es5M9tOdsd-71cNbAB9QHomnAUiBEdNcrKTqLzIuovtPn3xUbThH-uaviJJJZdGfB3ujFUcrcXPmbEQuV60usZKuuhmeDLQzNQ5pTjWQFgwvigcpm1tDZ0n94Q86Gk62eruVIfIbQ_5cwsXtDcMdG4zGpjwWxX7MxU_rSn8rrGuXS6jI8d9xsgGaEUmvjR7dMSuKCU5JTugBcX8CyWIyGJy13y8kikKO9TiMHW1VHffwYmaKcZ2vetSlvT63-1UbUgSQ9FhHOl-TVezjYmjD0qdggvLNfQz3UC2NIsFHo\" target=\"_blank\" rel=\"noreferrer noopener\">Profa. Sandra Maria dos Santos<\/a>\u00a0<\/strong>\u200b<\/p>\n","protected":false},"excerpt":{"rendered":"<p>O Conselho Fiscal&nbsp;\u00e9&nbsp;o \u00f3rg\u00e3o fiscalizador da administra\u00e7\u00e3o cont\u00e1bil-financeira da&nbsp;FACEP, composto por 06 (seis) membros:\u200b 1. Prof. Eduardo Ara\u00fajo de Azevedo\u00a0(Presidente)\u200b 2. L\u00edgia Carla de Lima Souza (Secret\u00e1ria)\u200b 3. Prof. Eduardo Santos Ellery\u00a0(Membro Efetivo)\u200b 1. Prof. \u00c9rico Veras Marques\u200b 2. Profa. Nirleide Saraiva Coelho\u00a0\u200b 3. Profa. Sandra Maria dos Santos\u00a0\u200b<span class=\"more-link\"><a href=\"https:\/\/facep.ufc.br\/?page_id=92\">Continue Reading<\/a><\/span><\/p>\n","protected":false},"author":1,"featured_media":0,"parent":0,"menu_order":0,"comment_status":"closed","ping_status":"closed","template":"","meta":{"footnotes":""},"class_list":["entry","author-admin","post-92","page","type-page","status-publish"],"_links":{"self":[{"href":"https:\/\/facep.ufc.br\/index.php?rest_route=\/wp\/v2\/pages\/92","targetHints":{"allow":["GET"]}}],"collection":[{"href":"https:\/\/facep.ufc.br\/index.php?rest_route=\/wp\/v2\/pages"}],"about":[{"href":"https:\/\/facep.ufc.br\/index.php?rest_route=\/wp\/v2\/types\/page"}],"author":[{"embeddable":true,"href":"https:\/\/facep.ufc.br\/index.php?rest_route=\/wp\/v2\/users\/1"}],"replies":[{"embeddable":true,"href":"https:\/\/facep.ufc.br\/index.php?rest_route=%2Fwp%2Fv2%2Fcomments&post=92"}],"version-history":[{"count":2,"href":"https:\/\/facep.ufc.br\/index.php?rest_route=\/wp\/v2\/pages\/92\/revisions"}],"predecessor-version":[{"id":113,"href":"https:\/\/facep.ufc.br\/index.php?rest_route=\/wp\/v2\/pages\/92\/revisions\/113"}],"wp:attachment":[{"href":"https:\/\/facep.ufc.br\/index.php?rest_route=%2Fwp%2Fv2%2Fmedia&parent=92"}],"curies":[{"name":"wp","href":"https:\/\/api.w.org\/{rel}","templated":true}]}}