{"id":22,"date":"2023-08-07T07:12:35","date_gmt":"2023-08-07T10:12:35","guid":{"rendered":"http:\/\/facep.ufc.br\/?page_id=22"},"modified":"2026-03-13T16:51:51","modified_gmt":"2026-03-13T19:51:51","slug":"parceiros","status":"publish","type":"page","link":"https:\/\/facep.ufc.br\/?page_id=22","title":{"rendered":"PARCEIROS"},"content":{"rendered":"\n<p align=\"center\"><img decoding=\"async\" src=\"https:\/\/www.ufc-concursos.com.br\/facep\/left.gif\" alt=\"\"\/><img decoding=\"async\" src=\"https:\/\/www.ufc-concursos.com.br\/facep\/right.gif\" alt=\"\"\/><\/p>\n\n\n\n<ul class=\"wp-block-list\">\n<li>Universidade Federal do Cear\u00e1 \u2013&nbsp;<strong>UFC<\/strong>\u200b<\/li>\n\n\n\n<li>Universidade da Integra\u00e7\u00e3o Internacional da Lusofonia Afro-Brasileira \u2013&nbsp;<strong>UNILAB<\/strong>\u200b<\/li>\n\n\n\n<li>Funda\u00e7\u00e3o&nbsp;Sintaf&nbsp;de Ensino, Pesquisa e Desenvolvimento Tecnol\u00f3gico, Cient\u00edfico e Cultural &#8211;&nbsp;<strong>FUNDA\u00c7\u00c3O SINTAF<\/strong>\u200b<\/li>\n\n\n\n<li>Associa\u00e7\u00e3o dos Auditores Fiscais da Receita Estadual e dos Fiscais da Receita Estadual do Estado do&nbsp;Cear\u00e1&nbsp;<strong>\u2013 AUDITECE<\/strong>\u200b<\/li>\n\n\n\n<li>Sindicato dos Trabalhadores em Empresas do Ramo Financeiro no Estado do Cear\u00e1 &#8211;&nbsp;<strong>SINTRAFI-CE<\/strong>\u200b<\/li>\n\n\n\n<li>Federa\u00e7\u00e3o do Com\u00e9rcio do Estado do Cear\u00e1 &#8211;&nbsp;<strong>FECOM\u00c9RCIO-CE<\/strong>\u200b<\/li>\n\n\n\n<li>Associa\u00e7\u00e3o dos Servidores Ocupantes do Cargo de Analista de Planejamento e Gest\u00e3o do Munic\u00edpio&nbsp;de Fortaleza \/ Cear\u00e1 \u2013&nbsp;<strong>APGFOR<\/strong>\u200b<\/li>\n\n\n\n<li>Servidores Fazend\u00e1rios do Munic\u00edpio de Fortaleza &#8211;&nbsp;<strong>SINDIFAM<\/strong>\u200b<\/li>\n\n\n\n<li>Secretaria Municipal de Educa\u00e7\u00e3o &#8211;&nbsp;<strong>SME de Fortaleza<\/strong>\u200b<\/li>\n\n\n\n<li>Secretaria Municipal de Educa\u00e7\u00e3o &#8211;\u00a0<strong>SME de\u00a0Aquiraz<\/strong><\/li>\n\n\n\n<li>Banco do Nordeste do Brasil S\/A &#8211;<strong> BNB\u200b<\/strong><\/li>\n\n\n\n<li>Companhia de Gest\u00e3o dos Recursos H\u00eddricos &#8211; <strong>COGERH<\/strong><\/li>\n\n\n\n<li>Federa\u00e7\u00e3o dos Trabalhadores no Servi\u00e7o P\u00fablico Municipal do Estado do Cear\u00e1 &#8211; <strong>FETAMCE<\/strong><\/li>\n\n\n\n<li>Universidade do Parlamento Cearense\u00a0<strong>\u2013 UNIPACE<\/strong><\/li>\n\n\n\n<li>Funda\u00e7\u00e3o Get\u00falio Vargas &#8211; <strong>FGV<\/strong><\/li>\n\n\n\n<li>Funda\u00e7\u00e3o Ita\u00fa<\/li>\n\n\n\n<li>Sindicato dos Servidores da 7a. Regi\u00e3o da Justi\u00e7a do Trabalho &#8211; <strong>SINDISS\u00c9TIMA<\/strong><br><\/li>\n<\/ul>\n","protected":false},"excerpt":{"rendered":"<p><span class=\"more-link\"><a href=\"https:\/\/facep.ufc.br\/?page_id=22\">Continue Reading<\/a><\/span><\/p>\n","protected":false},"author":1,"featured_media":0,"parent":0,"menu_order":0,"comment_status":"closed","ping_status":"closed","template":"","meta":{"footnotes":""},"class_list":["entry","author-admin","post-22","page","type-page","status-publish"],"_links":{"self":[{"href":"https:\/\/facep.ufc.br\/index.php?rest_route=\/wp\/v2\/pages\/22","targetHints":{"allow":["GET"]}}],"collection":[{"href":"https:\/\/facep.ufc.br\/index.php?rest_route=\/wp\/v2\/pages"}],"about":[{"href":"https:\/\/facep.ufc.br\/index.php?rest_route=\/wp\/v2\/types\/page"}],"author":[{"embeddable":true,"href":"https:\/\/facep.ufc.br\/index.php?rest_route=\/wp\/v2\/users\/1"}],"replies":[{"embeddable":true,"href":"https:\/\/facep.ufc.br\/index.php?rest_route=%2Fwp%2Fv2%2Fcomments&post=22"}],"version-history":[{"count":3,"href":"https:\/\/facep.ufc.br\/index.php?rest_route=\/wp\/v2\/pages\/22\/revisions"}],"predecessor-version":[{"id":1220,"href":"https:\/\/facep.ufc.br\/index.php?rest_route=\/wp\/v2\/pages\/22\/revisions\/1220"}],"wp:attachment":[{"href":"https:\/\/facep.ufc.br\/index.php?rest_route=%2Fwp%2Fv2%2Fmedia&parent=22"}],"curies":[{"name":"wp","href":"https:\/\/api.w.org\/{rel}","templated":true}]}}