{"id":20,"date":"2023-08-07T07:12:13","date_gmt":"2023-08-07T10:12:13","guid":{"rendered":"http:\/\/facep.ufc.br\/?page_id=20"},"modified":"2023-08-07T08:32:39","modified_gmt":"2023-08-07T11:32:39","slug":"missao-visao-e-valores","status":"publish","type":"page","link":"https:\/\/facep.ufc.br\/?page_id=20","title":{"rendered":"MISS\u00c3O, VIS\u00c3O E VALORES"},"content":{"rendered":"\n<p align=\"center\"><img decoding=\"async\" src=\"https:\/\/www.ufc-concursos.com.br\/facep\/left.gif\" alt=\"\"\/><img decoding=\"async\" src=\"https:\/\/www.ufc-concursos.com.br\/facep\/right.gif\" alt=\"\"\/><\/p>\n\n\n\n<p><strong>Miss\u00e3o:\u00a0<\/strong>Promover o desenvolvimento cient\u00edfico, tecnol\u00f3gico, cultural e social das entidades\u00a0apoiadas, nos seus projetos de ensino, pesquisa, extens\u00e3o e inova\u00e7\u00e3o, em parceria com entidades\u00a0p\u00fablicas e privadas.\u00a0\u200b<\/p>\n\n\n\n<p>\u200b<\/p>\n\n\n\n<p><strong>Vis\u00e3o:\u00a0<\/strong>Ser refer\u00eancia, at\u00e9 2030, na gest\u00e3o de projetos no Pa\u00eds, em especial na Regi\u00e3o\u00a0Nordeste e Estado do Cear\u00e1, de forma sustent\u00e1vel.\u200b<\/p>\n\n\n\n<p><strong><\/strong>\u200b<\/p>\n\n\n\n<p><strong>Valores<\/strong>\u200b<\/p>\n\n\n\n<ul class=\"wp-block-list\">\n<li>\u00c9tica\u200b<\/li>\n\n\n\n<li>Respeito e Valoriza\u00e7\u00e3o das Pessoas\u200b<\/li>\n\n\n\n<li>Responsabilidade Social e Ambiental\u200b<\/li>\n\n\n\n<li>Excel\u00eancia<\/li>\n<\/ul>\n","protected":false},"excerpt":{"rendered":"<p>Miss\u00e3o:\u00a0Promover o desenvolvimento cient\u00edfico, tecnol\u00f3gico, cultural e social das entidades\u00a0apoiadas, nos seus projetos de ensino, pesquisa, extens\u00e3o e inova\u00e7\u00e3o, em parceria com entidades\u00a0p\u00fablicas e privadas.\u00a0\u200b \u200b Vis\u00e3o:\u00a0Ser refer\u00eancia, at\u00e9 2030, na gest\u00e3o de projetos no Pa\u00eds, em especial na Regi\u00e3o\u00a0Nordeste e Estado do Cear\u00e1, de forma sustent\u00e1vel.\u200b \u200b Valores\u200b<span class=\"more-link\"><a href=\"https:\/\/facep.ufc.br\/?page_id=20\">Continue Reading<\/a><\/span><\/p>\n","protected":false},"author":1,"featured_media":0,"parent":0,"menu_order":0,"comment_status":"closed","ping_status":"closed","template":"","meta":{"footnotes":""},"class_list":["entry","author-admin","post-20","page","type-page","status-publish"],"_links":{"self":[{"href":"https:\/\/facep.ufc.br\/index.php?rest_route=\/wp\/v2\/pages\/20","targetHints":{"allow":["GET"]}}],"collection":[{"href":"https:\/\/facep.ufc.br\/index.php?rest_route=\/wp\/v2\/pages"}],"about":[{"href":"https:\/\/facep.ufc.br\/index.php?rest_route=\/wp\/v2\/types\/page"}],"author":[{"embeddable":true,"href":"https:\/\/facep.ufc.br\/index.php?rest_route=\/wp\/v2\/users\/1"}],"replies":[{"embeddable":true,"href":"https:\/\/facep.ufc.br\/index.php?rest_route=%2Fwp%2Fv2%2Fcomments&post=20"}],"version-history":[{"count":3,"href":"https:\/\/facep.ufc.br\/index.php?rest_route=\/wp\/v2\/pages\/20\/revisions"}],"predecessor-version":[{"id":89,"href":"https:\/\/facep.ufc.br\/index.php?rest_route=\/wp\/v2\/pages\/20\/revisions\/89"}],"wp:attachment":[{"href":"https:\/\/facep.ufc.br\/index.php?rest_route=%2Fwp%2Fv2%2Fmedia&parent=20"}],"curies":[{"name":"wp","href":"https:\/\/api.w.org\/{rel}","templated":true}]}}